{"id":905,"date":"2017-03-07T16:11:51","date_gmt":"2017-03-07T15:11:51","guid":{"rendered":"http:\/\/barcoco.demo.elbalink.it\/?page_id=905\/"},"modified":"2024-02-03T16:51:06","modified_gmt":"2024-02-03T15:51:06","slug":"marina-di-campo-insel-elba","status":"publish","type":"page","link":"https:\/\/www.elbaresidencealbarcoco.it\/de\/marina-di-campo-insel-elba\/","title":{"rendered":"Marina di Campo"},"content":{"rendered":"<p><div class=\"fusion-fullwidth fullwidth-box fusion-builder-row-1 fusion-flex-container has-pattern-background has-mask-background nonhundred-percent-fullwidth non-hundred-percent-height-scrolling\" style=\"--awb-border-radius-top-left:0px;--awb-border-radius-top-right:0px;--awb-border-radius-bottom-right:0px;--awb-border-radius-bottom-left:0px;\" ><div class=\"fusion-builder-row fusion-row fusion-flex-align-items-flex-start\" style=\"max-width:1996.8px;margin-left: calc(-4% \/ 2 );margin-right: calc(-4% \/ 2 );\"><\/div><\/div><div class=\"fusion-fullwidth fullwidth-box fusion-builder-row-2 nonhundred-percent-fullwidth non-hundred-percent-height-scrolling\" style=\"--awb-border-radius-top-left:0px;--awb-border-radius-top-right:0px;--awb-border-radius-bottom-right:0px;--awb-border-radius-bottom-left:0px;--awb-padding-top:25px;--awb-padding-right:0px;--awb-padding-bottom:10px;--awb-padding-left:0px;\" ><div class=\"fusion-builder-row fusion-row\"><div class=\"fusion-layout-column fusion_builder_column fusion-builder-column-0 fusion_builder_column_1_1 1_1 fusion-one-full fusion-column-first fusion-column-last fusion-no-small-visibility\" style=\"--awb-bg-size:cover;--awb-margin-bottom:141.986px;\"><div class=\"fusion-column-wrapper fusion-column-has-shadow fusion-flex-column-wrapper-legacy\"><div class=\"fusion-clearfix\"><\/div><\/div><\/div><div class=\"fusion-layout-column fusion_builder_column fusion-builder-column-1 fusion_builder_column_1_1 1_1 fusion-one-full fusion-column-first fusion-column-last\" style=\"--awb-bg-size:cover;\"><div class=\"fusion-column-wrapper fusion-flex-column-wrapper-legacy\"><div class=\"fusion-title title fusion-title-1 fusion-title-center fusion-title-text fusion-title-size-one\" style=\"--awb-text-color:var(--awb-custom14);--awb-margin-top:10px;--awb-margin-bottom:10px;\"><div class=\"title-sep-container title-sep-container-left\"><div class=\"title-sep sep-double sep-solid\" style=\"border-color:#e0dede;\"><\/div><\/div><span class=\"awb-title-spacer\"><\/span><h1 class=\"title-heading-center fusion-responsive-typography-calculated\" style=\"margin:0;--fontSize:55;line-height:1.09;\">MARINA DI CAMPO<\/h1><span class=\"awb-title-spacer\"><\/span><div class=\"title-sep-container title-sep-container-right\"><div class=\"title-sep sep-double sep-solid\" style=\"border-color:#e0dede;\"><\/div><\/div><\/div><div class=\"fusion-clearfix\"><\/div><\/div><\/div><\/div><\/div><div class=\"fusion-fullwidth fullwidth-box fusion-builder-row-3 nonhundred-percent-fullwidth non-hundred-percent-height-scrolling\" style=\"--awb-border-radius-top-left:0px;--awb-border-radius-top-right:0px;--awb-border-radius-bottom-right:0px;--awb-border-radius-bottom-left:0px;--awb-padding-top:20px;--awb-padding-bottom:20px;\" ><div class=\"fusion-builder-row fusion-row\"><div class=\"fusion-layout-column fusion_builder_column fusion-builder-column-2 fusion_builder_column_1_1 1_1 fusion-one-full fusion-column-first fusion-column-last\" style=\"--awb-bg-size:cover;\"><div class=\"fusion-column-wrapper fusion-flex-column-wrapper-legacy\"><div class=\"fusion-text fusion-text-1\"><p style=\"text-align: justify;\">Hinter dem Monte Capanne liegt im s\u00fcdwestlichen Teil der Insel die Gemeinde Campo nell\u2019Elba. Der Hauptort Marina di Campo ist wegen seines langen Strandes und dem in der warmen Jahreszeit ebenso beliebten wie belebten Ortszentrum bekannt, z\u00e4hlt zu den ersten Fremdenverkehrszentren der Insel, und ein ideales Urlaubsziel f\u00fcr junge Menschen und Familien. Ein hochkar\u00e4tiger Veranstaltungskalender und die vielen Boutiquen, Restaurants, Bars und Disco-Pubs machen Marina di Campo zum unbestrittenen Mekka des Inselsommers. Neben dem Tourismus lebt das St\u00e4dtchen auch vom Fischfang, und ein Spaziergang am Hafen mit den vielen Fischerbooten ist auch heute noch ein romantisches Erlebnis.<\/p>\n<p style=\"text-align: justify;\">\u00dcber dem Golf thront der alte Wachtturm San Giovanni, und an den H\u00e4ngen \u00fcber Marina di Campo liegen San Piero und Sant\u2019Ilario, zwei alte, befestigte D\u00f6rfer mit malerischen kleinen Pl\u00e4tzen, engen Gassen und Granittreppen, in denen die Zeit stehen geblieben zu sein scheint. Hier ist es auch in der Hochsaison herrlich ruhig und beschaulich. Naturfreunde und Wanderer k\u00f6nnen auf Wanderwegen die interessante Landschaft erkunden, so zum Beispiel auf den so genannten Granitwegen von San Piero nach Cavoli und Seccheto, vorbei an Steinbr\u00fcchen und den \u00dcberresten zahlreicher Granitbauten. Wagemutigere werden eine Bergwanderung hinauf auf den Monte Perone in Angriff nehmen, die allerdings auch mehr Kondition erfordert.<\/p>\n<\/div><div class=\"fusion-clearfix\"><\/div><\/div><\/div><\/div><\/div><div class=\"fusion-fullwidth fullwidth-box fusion-builder-row-4 nonhundred-percent-fullwidth non-hundred-percent-height-scrolling\" style=\"--awb-border-radius-top-left:0px;--awb-border-radius-top-right:0px;--awb-border-radius-bottom-right:0px;--awb-border-radius-bottom-left:0px;--awb-padding-top:20px;--awb-padding-bottom:20px;\" ><div class=\"fusion-builder-row fusion-row\"><div class=\"fusion-layout-column fusion_builder_column fusion-builder-column-3 fusion_builder_column_1_1 1_1 fusion-one-full fusion-column-first fusion-column-last\" style=\"--awb-bg-size:cover;\"><div class=\"fusion-column-wrapper fusion-flex-column-wrapper-legacy\"><div class=\"fusion-text fusion-text-2\"><div id=\"grid-gallery-6-93064\" data-gg-id=\"6\" data-title=\"campo\" data-grid-type=\"0\" data-offset=\"5.3\" data-area-position=\"center\" data-icons=\"\" data-preloader=\"true\" data-width=\"215\" data-height=\"215\" data-padding=\"0\" data-quicksand=\"disabled\" data-quicksand-duration=\"none\" data-popup-theme=\"theme_6\" data-popup-type=\"pretty-photo\" data-popup-image-text=\"data-description\" data-popup-widthsize=\"auto\" data-popup-heightsize=\"auto\" data-popup-i18n-words=\"{&quot;close&quot;:&quot;schlie\\u00dfen&quot;,&quot;next&quot;:&quot;n\\u00e4chste&quot;,&quot;previous&quot;:&quot;vorherige&quot;,&quot;start_slideshow&quot;:&quot;Starte Slideshow&quot;,&quot;stop_slideshow&quot;:&quot;Stoppe Slideshow&quot;,&quot;image&quot;:&quot;Bild&quot;,&quot;of&quot;:&quot;von&quot;,&quot;prev&quot;:&quot;vorherige&quot;,&quot;cExpand&quot;:&quot;Erweitere&quot;,&quot;cPrevious&quot;:&quot;Vorheriges&quot;,&quot;cNext&quot;:&quot;N\\u00e4chstes&quot;,&quot;cExpandStr&quot;:&quot;Erweitere Bild&quot;,&quot;cRotate&quot;:&quot;Rotate&quot;,&quot;cDetails&quot;:&quot;Details&quot;}\" data-popup-slideshow=\"false\" data-popup-slideshow-speed=\"2500\" data-popup-hoverstop=\"false\" data-popup-slideshow-auto=\"false\" data-popup-background=\"\" data-popup-transparency=\"30\" data-popup-disable-history=\"\" data-popup-disable-changed-url=\"\" data-popup-border-type=\"\" data-popup-border-color=\"\" data-popup-border-width=\"\" data-popup-border-enable=\"\" data-fullscreen=\"false\" data-hide-tooltip=\"false\" data-caption-font-family=\"Default\" data-caption-text-size=\"140\" data-is-mobile=\"0\" data-caption-mobile=\"false\" data-hide-long-tltp-title=\"0\" data-caption-disabled-on-mobile=\"false\" data-popup-placement-type=\"0\" data-social-sharing=\"{&quot;enabled&quot;:&quot;&quot;,&quot;gallerySharing&quot;:{&quot;enabled&quot;:null,&quot;position&quot;:null},&quot;imageSharing&quot;:{&quot;enabled&quot;:null,&quot;wrapperClass&quot;:&quot; vertical &quot;},&quot;popupSharing&quot;:{&quot;enabled&quot;:null,&quot;wrapperClass&quot;:&quot; vertical &quot;}}\" class=\"grid-gallery grid-gallery-fixed \" style=\" width:100%; height:auto; margin-left:auto; margin-right:auto;position:relative;\"> <div class=\"gallery-loading\"> <div class=\"blocks\"> <div class=\"block\"><\/div> <div class=\"block\"><\/div> <div class=\"block\"><\/div> <div class=\"block\"><\/div> <\/div> <\/div> <div class=\"gallery-sharing-top\" style=\"display:none;\"> <\/div> <div id=\"photos-6\" class=\"grid-gallery-photos\"><FIGURE class=\"grid-gallery-caption\" data-grid-gallery-type=\"quarter-zoom\" data-index=\"0\" style=\"display:none;border-radius:00;; margin:5.3px; width:2150;\" ><div class=\"crop\" style=\" width:2150; height:2150; overflow:hidden;\"><img decoding=\"async\" src=\"https:\/\/www.elbaresidencealbarcoco.it\/wp-content\/uploads\/2017\/03\/campo-01-215x215.jpg\" class=\"ggImg\" alt=\"Marina di Campo - Elba\" title=\"Marina di Campo - Elba\" data-description=\"Marina di Campo - Elba\" data-caption=\"campo-01\" data-title=\"campo-01\" style=\" width:215px; height:215px;\" \/><\/div><FIGCAPTION class=\"\" data-alpha=\"5\" style=\"color:#ffffff; background-color:#6f0000; font-size:140; text-align:left; font-family:Default;\" ><div class=\"grid-gallery-figcaption-wrap\" style=\"\"><\/div><\/FIGCAPTION><\/FIGURE><FIGURE class=\"grid-gallery-caption\" data-grid-gallery-type=\"quarter-zoom\" data-index=\"1\" style=\"display:none;border-radius:00;; margin:5.3px; width:2150;\" ><div class=\"crop\" style=\" width:2150; height:2150; overflow:hidden;\"><img decoding=\"async\" src=\"https:\/\/www.elbaresidencealbarcoco.it\/wp-content\/uploads\/2017\/03\/campo-02-215x215.jpg\" class=\"ggImg\" alt=\"Marina di Campo - Elba\" title=\"Marina di Campo - Elba\" data-description=\"Marina di Campo - Elba\" data-caption=\"campo-02\" data-title=\"campo-02\" style=\" width:215px; height:215px;\" \/><\/div><FIGCAPTION class=\"\" data-alpha=\"5\" style=\"color:#ffffff; background-color:#6f0000; font-size:140; text-align:left; font-family:Default;\" ><div class=\"grid-gallery-figcaption-wrap\" style=\"\"><\/div><\/FIGCAPTION><\/FIGURE><FIGURE class=\"grid-gallery-caption\" data-grid-gallery-type=\"quarter-zoom\" data-index=\"2\" style=\"display:none;border-radius:00;; margin:5.3px; width:2150;\" ><div class=\"crop\" style=\" width:2150; height:2150; overflow:hidden;\"><img decoding=\"async\" src=\"https:\/\/www.elbaresidencealbarcoco.it\/wp-content\/uploads\/2017\/03\/campo-03-215x215.jpg\" class=\"ggImg\" alt=\"Marina di Campo - Elba\" title=\"Marina di Campo - Elba\" data-description=\"Marina di Campo - Elba\" data-caption=\"campo-03\" data-title=\"campo-03\" style=\" width:215px; height:215px;\" \/><\/div><FIGCAPTION class=\"\" data-alpha=\"5\" style=\"color:#ffffff; background-color:#6f0000; font-size:140; text-align:left; font-family:Default;\" ><div class=\"grid-gallery-figcaption-wrap\" style=\"\"><\/div><\/FIGCAPTION><\/FIGURE><FIGURE class=\"grid-gallery-caption\" data-grid-gallery-type=\"quarter-zoom\" data-index=\"3\" style=\"display:none;border-radius:00;; margin:5.3px; width:2150;\" ><div class=\"crop\" style=\" width:2150; height:2150; overflow:hidden;\"><img decoding=\"async\" src=\"https:\/\/www.elbaresidencealbarcoco.it\/wp-content\/uploads\/2017\/03\/campo-04-215x215.jpg\" class=\"ggImg\" alt=\"Marina di Campo - Elba\" title=\"Marina di Campo - Elba\" data-description=\"Marina di Campo - Elba\" data-caption=\"campo-04\" data-title=\"campo-04\" style=\" width:215px; height:215px;\" \/><\/div><FIGCAPTION class=\"\" data-alpha=\"5\" style=\"color:#ffffff; background-color:#6f0000; font-size:140; text-align:left; font-family:Default;\" ><div class=\"grid-gallery-figcaption-wrap\" style=\"\"><\/div><\/FIGCAPTION><\/FIGURE><FIGURE class=\"grid-gallery-caption\" data-grid-gallery-type=\"quarter-zoom\" data-index=\"4\" style=\"display:none;border-radius:00;; margin:5.3px; width:2150;\" ><div class=\"crop\" style=\" width:2150; height:2150; overflow:hidden;\"><img decoding=\"async\" src=\"https:\/\/www.elbaresidencealbarcoco.it\/wp-content\/uploads\/2017\/03\/campo-05-215x215.jpg\" class=\"ggImg\" alt=\"Marina di Campo - Elba\" title=\"Marina di Campo - Elba\" data-description=\"Marina di Campo - Elba\" data-caption=\"campo-05\" data-title=\"campo-05\" style=\" width:215px; height:215px;\" \/><\/div><FIGCAPTION class=\"\" data-alpha=\"5\" style=\"color:#ffffff; background-color:#6f0000; font-size:140; text-align:left; font-family:Default;\" ><div class=\"grid-gallery-figcaption-wrap\" style=\"\"><\/div><\/FIGCAPTION><\/FIGURE><FIGURE class=\"grid-gallery-caption\" data-grid-gallery-type=\"quarter-zoom\" data-index=\"5\" style=\"display:none;border-radius:00;; margin:5.3px; width:2150;\" ><div class=\"crop\" style=\" width:2150; height:2150; overflow:hidden;\"><img decoding=\"async\" src=\"https:\/\/www.elbaresidencealbarcoco.it\/wp-content\/uploads\/2017\/08\/campo-new-01-215x215.jpg\" class=\"ggImg\" alt=\"campo-new-01\" title=\"campo-new-01\" data-description=\"campo-new-01\" data-caption=\"campo-new-01\" data-title=\"campo-new-01\" style=\" width:215px; height:215px;\" \/><\/div><FIGCAPTION class=\"\" data-alpha=\"5\" style=\"color:#ffffff; background-color:#6f0000; font-size:140; text-align:left; font-family:Default;\" ><div class=\"grid-gallery-figcaption-wrap\" style=\"\"><\/div><\/FIGCAPTION><\/FIGURE><FIGURE class=\"grid-gallery-caption\" data-grid-gallery-type=\"quarter-zoom\" data-index=\"6\" style=\"display:none;border-radius:00;; margin:5.3px; width:2150;\" ><div class=\"crop\" style=\" width:2150; height:2150; overflow:hidden;\"><img decoding=\"async\" src=\"https:\/\/www.elbaresidencealbarcoco.it\/wp-content\/uploads\/2017\/08\/campo-new-02-215x215.jpg\" class=\"ggImg\" alt=\"Residence Al Barcoco - Elba\" title=\"Residence Al Barcoco - Elba\" data-description=\"Residence Al Barcoco - Elba\" data-caption=\"barche a vela\" data-title=\"campo-new-02\" style=\" width:215px; height:215px;\" \/><\/div><FIGCAPTION class=\"\" data-alpha=\"5\" style=\"color:#ffffff; background-color:#6f0000; font-size:140; text-align:left; font-family:Default;\" ><div class=\"grid-gallery-figcaption-wrap\" style=\"\"><\/div><\/FIGCAPTION><\/FIGURE><FIGURE class=\"grid-gallery-caption\" data-grid-gallery-type=\"quarter-zoom\" data-index=\"7\" style=\"display:none;border-radius:00;; margin:5.3px; width:2150;\" ><div class=\"crop\" style=\" width:2150; height:2150; overflow:hidden;\"><img decoding=\"async\" src=\"https:\/\/www.elbaresidencealbarcoco.it\/wp-content\/uploads\/2017\/08\/campo-new-03-215x215.jpg\" class=\"ggImg\" alt=\"Residence Al Barcoco - Elba\" title=\"Residence Al Barcoco - Elba\" data-description=\"Residence Al Barcoco - Elba\" data-caption=\"Spiaggia marina di campo\" data-title=\"campo-new-03\" style=\" width:215px; height:215px;\" \/><\/div><FIGCAPTION class=\"\" data-alpha=\"5\" style=\"color:#ffffff; background-color:#6f0000; font-size:140; text-align:left; font-family:Default;\" ><div class=\"grid-gallery-figcaption-wrap\" style=\"\"><\/div><\/FIGCAPTION><\/FIGURE><FIGURE class=\"grid-gallery-caption\" data-grid-gallery-type=\"quarter-zoom\" data-index=\"8\" style=\"display:none;border-radius:00;; margin:5.3px; width:2150;\" ><div class=\"crop\" style=\" width:2150; height:2150; overflow:hidden;\"><img decoding=\"async\" src=\"https:\/\/www.elbaresidencealbarcoco.it\/wp-content\/uploads\/2017\/08\/campo-new-04-215x215.jpg\" class=\"ggImg\" alt=\"campo-new-04\" title=\"campo-new-04\" data-description=\"campo-new-04\" data-caption=\"campo-new-04\" data-title=\"campo-new-04\" style=\" width:215px; height:215px;\" \/><\/div><FIGCAPTION class=\"\" data-alpha=\"5\" style=\"color:#ffffff; background-color:#6f0000; font-size:140; text-align:left; font-family:Default;\" ><div class=\"grid-gallery-figcaption-wrap\" style=\"\"><\/div><\/FIGCAPTION><\/FIGURE> <div class=\"grid-gallery-clearfix\"><\/div> <\/div> <div class=\"gallery-sharing-bottom\" style=\"display:none;\"> <\/div> <div class=\"gallery-sharing-image\" style=\"display:none;\"> <\/div> <div class=\"gallery-sharing-popup\" style=\"display:none;\"> <\/div> <div class=\"grid-gallery-clearfix\"><\/div> <\/div> <!-- Gallery by Supsystic plugin1.15.32 --><a title=\"Wordpress Photo Gallery\" style=\"display:none;\" href=\"https:\/\/supsystic.com\/plugins\/photo-gallery\/?utm_medium=love_link\" target=\"_blank\">Wordpress Photo Gallery<\/a>\n<\/div><div class=\"fusion-clearfix\"><\/div><\/div><\/div><\/div><\/div><\/p>\n","protected":false},"excerpt":{"rendered":"","protected":false},"author":1,"featured_media":0,"parent":0,"menu_order":0,"comment_status":"closed","ping_status":"closed","template":"100-width.php","meta":{"footnotes":""},"class_list":["post-905","page","type-page","status-publish","hentry"],"yoast_head":"<!-- This site is optimized with the Yoast SEO plugin v19.10 - https:\/\/yoast.com\/wordpress\/plugins\/seo\/ -->\n<title>Residence al Barcoco in Marina di Campo auf der Insel Elba in der N\u00e4he vom Strand<\/title>\n<meta name=\"description\" content=\"Marina di Campo ist bekannt f\u00fcr seinen langen wei\u00dfen Sandstrand und sein sehr lebhaftes Zentrum mit Bars, Restaurants, Diskotheken, Gesch\u00e4ften...\" \/>\n<meta name=\"robots\" content=\"index, follow, max-snippet:-1, max-image-preview:large, max-video-preview:-1\" \/>\n<link rel=\"canonical\" href=\"https:\/\/www.elbaresidencealbarcoco.it\/de\/marina-di-campo-insel-elba\/\" \/>\n<meta property=\"og:locale\" content=\"de_DE\" \/>\n<meta property=\"og:type\" content=\"article\" \/>\n<meta property=\"og:title\" content=\"Residence al Barcoco in Marina di Campo auf der Insel Elba in der N\u00e4he vom Strand\" \/>\n<meta property=\"og:description\" content=\"Marina di Campo ist bekannt f\u00fcr seinen langen wei\u00dfen Sandstrand und sein sehr lebhaftes Zentrum mit Bars, Restaurants, Diskotheken, Gesch\u00e4ften...\" \/>\n<meta property=\"og:url\" content=\"https:\/\/www.elbaresidencealbarcoco.it\/de\/marina-di-campo-insel-elba\/\" \/>\n<meta property=\"og:site_name\" content=\"Residence Al Barcoco Isola d&#039;Elba\" \/>\n<meta property=\"article:modified_time\" content=\"2024-02-03T15:51:06+00:00\" \/>\n<meta name=\"twitter:card\" content=\"summary_large_image\" \/>\n<meta name=\"twitter:label1\" content=\"Gesch\u00e4tzte Lesezeit\" \/>\n\t<meta name=\"twitter:data1\" content=\"5\u00a0Minuten\" \/>\n<script type=\"application\/ld+json\" class=\"yoast-schema-graph\">{\"@context\":\"https:\/\/schema.org\",\"@graph\":[{\"@type\":\"WebPage\",\"@id\":\"https:\/\/www.elbaresidencealbarcoco.it\/de\/marina-di-campo-insel-elba\/\",\"url\":\"https:\/\/www.elbaresidencealbarcoco.it\/de\/marina-di-campo-insel-elba\/\",\"name\":\"Residence al Barcoco in Marina di Campo auf der Insel Elba in der N\u00e4he vom Strand\",\"isPartOf\":{\"@id\":\"https:\/\/www.elbaresidencealbarcoco.it\/#website\"},\"datePublished\":\"2017-03-07T15:11:51+00:00\",\"dateModified\":\"2024-02-03T15:51:06+00:00\",\"description\":\"Marina di Campo ist bekannt f\u00fcr seinen langen wei\u00dfen Sandstrand und sein sehr lebhaftes Zentrum mit Bars, Restaurants, Diskotheken, Gesch\u00e4ften...\",\"breadcrumb\":{\"@id\":\"https:\/\/www.elbaresidencealbarcoco.it\/de\/marina-di-campo-insel-elba\/#breadcrumb\"},\"inLanguage\":\"de\",\"potentialAction\":[{\"@type\":\"ReadAction\",\"target\":[\"https:\/\/www.elbaresidencealbarcoco.it\/de\/marina-di-campo-insel-elba\/\"]}]},{\"@type\":\"BreadcrumbList\",\"@id\":\"https:\/\/www.elbaresidencealbarcoco.it\/de\/marina-di-campo-insel-elba\/#breadcrumb\",\"itemListElement\":[{\"@type\":\"ListItem\",\"position\":1,\"name\":\"Home\",\"item\":\"https:\/\/www.elbaresidencealbarcoco.it\/de\/\"},{\"@type\":\"ListItem\",\"position\":2,\"name\":\"Marina di Campo\"}]},{\"@type\":\"WebSite\",\"@id\":\"https:\/\/www.elbaresidencealbarcoco.it\/#website\",\"url\":\"https:\/\/www.elbaresidencealbarcoco.it\/\",\"name\":\"Residence Al Barcoco Isola d&#039;Elba\",\"description\":\"Per le vostre vacanze all&#039;Isola d&#039;Elba\",\"publisher\":{\"@id\":\"https:\/\/www.elbaresidencealbarcoco.it\/#organization\"},\"potentialAction\":[{\"@type\":\"SearchAction\",\"target\":{\"@type\":\"EntryPoint\",\"urlTemplate\":\"https:\/\/www.elbaresidencealbarcoco.it\/?s={search_term_string}\"},\"query-input\":\"required name=search_term_string\"}],\"inLanguage\":\"de\"},{\"@type\":\"Organization\",\"@id\":\"https:\/\/www.elbaresidencealbarcoco.it\/#organization\",\"name\":\"Orion Elba sas di burec m. & c.\",\"url\":\"https:\/\/www.elbaresidencealbarcoco.it\/\",\"logo\":{\"@type\":\"ImageObject\",\"inLanguage\":\"de\",\"@id\":\"https:\/\/www.elbaresidencealbarcoco.it\/#\/schema\/logo\/image\/\",\"url\":\"https:\/\/www.elbaresidencealbarcoco.it\/wp-content\/uploads\/2017\/08\/campo-new-02.jpg\",\"contentUrl\":\"https:\/\/www.elbaresidencealbarcoco.it\/wp-content\/uploads\/2017\/08\/campo-new-02.jpg\",\"width\":1000,\"height\":563,\"caption\":\"Orion Elba sas di burec m. & c.\"},\"image\":{\"@id\":\"https:\/\/www.elbaresidencealbarcoco.it\/#\/schema\/logo\/image\/\"}}]}<\/script>\n<!-- \/ Yoast SEO plugin. -->","yoast_head_json":{"title":"Residence al Barcoco in Marina di Campo auf der Insel Elba in der N\u00e4he vom Strand","description":"Marina di Campo ist bekannt f\u00fcr seinen langen wei\u00dfen Sandstrand und sein sehr lebhaftes Zentrum mit Bars, Restaurants, Diskotheken, Gesch\u00e4ften...","robots":{"index":"index","follow":"follow","max-snippet":"max-snippet:-1","max-image-preview":"max-image-preview:large","max-video-preview":"max-video-preview:-1"},"canonical":"https:\/\/www.elbaresidencealbarcoco.it\/de\/marina-di-campo-insel-elba\/","og_locale":"de_DE","og_type":"article","og_title":"Residence al Barcoco in Marina di Campo auf der Insel Elba in der N\u00e4he vom Strand","og_description":"Marina di Campo ist bekannt f\u00fcr seinen langen wei\u00dfen Sandstrand und sein sehr lebhaftes Zentrum mit Bars, Restaurants, Diskotheken, Gesch\u00e4ften...","og_url":"https:\/\/www.elbaresidencealbarcoco.it\/de\/marina-di-campo-insel-elba\/","og_site_name":"Residence Al Barcoco Isola d&#039;Elba","article_modified_time":"2024-02-03T15:51:06+00:00","twitter_card":"summary_large_image","twitter_misc":{"Gesch\u00e4tzte Lesezeit":"5\u00a0Minuten"},"schema":{"@context":"https:\/\/schema.org","@graph":[{"@type":"WebPage","@id":"https:\/\/www.elbaresidencealbarcoco.it\/de\/marina-di-campo-insel-elba\/","url":"https:\/\/www.elbaresidencealbarcoco.it\/de\/marina-di-campo-insel-elba\/","name":"Residence al Barcoco in Marina di Campo auf der Insel Elba in der N\u00e4he vom Strand","isPartOf":{"@id":"https:\/\/www.elbaresidencealbarcoco.it\/#website"},"datePublished":"2017-03-07T15:11:51+00:00","dateModified":"2024-02-03T15:51:06+00:00","description":"Marina di Campo ist bekannt f\u00fcr seinen langen wei\u00dfen Sandstrand und sein sehr lebhaftes Zentrum mit Bars, Restaurants, Diskotheken, Gesch\u00e4ften...","breadcrumb":{"@id":"https:\/\/www.elbaresidencealbarcoco.it\/de\/marina-di-campo-insel-elba\/#breadcrumb"},"inLanguage":"de","potentialAction":[{"@type":"ReadAction","target":["https:\/\/www.elbaresidencealbarcoco.it\/de\/marina-di-campo-insel-elba\/"]}]},{"@type":"BreadcrumbList","@id":"https:\/\/www.elbaresidencealbarcoco.it\/de\/marina-di-campo-insel-elba\/#breadcrumb","itemListElement":[{"@type":"ListItem","position":1,"name":"Home","item":"https:\/\/www.elbaresidencealbarcoco.it\/de\/"},{"@type":"ListItem","position":2,"name":"Marina di Campo"}]},{"@type":"WebSite","@id":"https:\/\/www.elbaresidencealbarcoco.it\/#website","url":"https:\/\/www.elbaresidencealbarcoco.it\/","name":"Residence Al Barcoco Isola d&#039;Elba","description":"Per le vostre vacanze all&#039;Isola d&#039;Elba","publisher":{"@id":"https:\/\/www.elbaresidencealbarcoco.it\/#organization"},"potentialAction":[{"@type":"SearchAction","target":{"@type":"EntryPoint","urlTemplate":"https:\/\/www.elbaresidencealbarcoco.it\/?s={search_term_string}"},"query-input":"required name=search_term_string"}],"inLanguage":"de"},{"@type":"Organization","@id":"https:\/\/www.elbaresidencealbarcoco.it\/#organization","name":"Orion Elba sas di burec m. & c.","url":"https:\/\/www.elbaresidencealbarcoco.it\/","logo":{"@type":"ImageObject","inLanguage":"de","@id":"https:\/\/www.elbaresidencealbarcoco.it\/#\/schema\/logo\/image\/","url":"https:\/\/www.elbaresidencealbarcoco.it\/wp-content\/uploads\/2017\/08\/campo-new-02.jpg","contentUrl":"https:\/\/www.elbaresidencealbarcoco.it\/wp-content\/uploads\/2017\/08\/campo-new-02.jpg","width":1000,"height":563,"caption":"Orion Elba sas di burec m. & c."},"image":{"@id":"https:\/\/www.elbaresidencealbarcoco.it\/#\/schema\/logo\/image\/"}}]}},"_links":{"self":[{"href":"https:\/\/www.elbaresidencealbarcoco.it\/de\/wp-json\/wp\/v2\/pages\/905","targetHints":{"allow":["GET"]}}],"collection":[{"href":"https:\/\/www.elbaresidencealbarcoco.it\/de\/wp-json\/wp\/v2\/pages"}],"about":[{"href":"https:\/\/www.elbaresidencealbarcoco.it\/de\/wp-json\/wp\/v2\/types\/page"}],"author":[{"embeddable":true,"href":"https:\/\/www.elbaresidencealbarcoco.it\/de\/wp-json\/wp\/v2\/users\/1"}],"replies":[{"embeddable":true,"href":"https:\/\/www.elbaresidencealbarcoco.it\/de\/wp-json\/wp\/v2\/comments?post=905"}],"version-history":[{"count":7,"href":"https:\/\/www.elbaresidencealbarcoco.it\/de\/wp-json\/wp\/v2\/pages\/905\/revisions"}],"predecessor-version":[{"id":2799,"href":"https:\/\/www.elbaresidencealbarcoco.it\/de\/wp-json\/wp\/v2\/pages\/905\/revisions\/2799"}],"wp:attachment":[{"href":"https:\/\/www.elbaresidencealbarcoco.it\/de\/wp-json\/wp\/v2\/media?parent=905"}],"curies":[{"name":"wp","href":"https:\/\/api.w.org\/{rel}","templated":true}]}}