{"id":959,"date":"2017-03-29T12:19:05","date_gmt":"2017-03-29T10:19:05","guid":{"rendered":"http:\/\/barcoco.demo.elbalink.it\/?page_id=959\/"},"modified":"2024-02-03T01:36:53","modified_gmt":"2024-02-03T00:36:53","slug":"schwimmbad-residence-elba","status":"publish","type":"page","link":"https:\/\/www.elbaresidencealbarcoco.it\/de\/schwimmbad-residence-elba\/","title":{"rendered":"Das Schwimmbad"},"content":{"rendered":"<p><div class=\"fusion-fullwidth fullwidth-box fusion-builder-row-1 nonhundred-percent-fullwidth non-hundred-percent-height-scrolling\" style=\"--awb-border-radius-top-left:0px;--awb-border-radius-top-right:0px;--awb-border-radius-bottom-right:0px;--awb-border-radius-bottom-left:0px;--awb-padding-top:25px;--awb-padding-right:0px;--awb-padding-bottom:10px;--awb-padding-left:0px;\" ><div class=\"fusion-builder-row fusion-row\"><div class=\"fusion-layout-column fusion_builder_column fusion-builder-column-0 fusion_builder_column_1_1 1_1 fusion-one-full fusion-column-first fusion-column-last\" style=\"--awb-bg-size:cover;\"><div class=\"fusion-column-wrapper fusion-column-has-shadow fusion-flex-column-wrapper-legacy\"><div class=\"fusion-clearfix\"><\/div><\/div><\/div><div class=\"fusion-layout-column fusion_builder_column fusion-builder-column-1 fusion_builder_column_1_1 1_1 fusion-one-full fusion-column-first fusion-column-last\" style=\"--awb-bg-size:cover;--awb-margin-bottom:159.9953px;\"><div class=\"fusion-column-wrapper fusion-column-has-shadow fusion-flex-column-wrapper-legacy\"><div class=\"fusion-clearfix\"><\/div><\/div><\/div><div class=\"fusion-layout-column fusion_builder_column fusion-builder-column-2 fusion_builder_column_1_1 1_1 fusion-one-full fusion-column-first fusion-column-last\" style=\"--awb-bg-size:cover;\"><div class=\"fusion-column-wrapper fusion-flex-column-wrapper-legacy\"><div class=\"fusion-title title fusion-title-1 fusion-title-center fusion-title-text fusion-title-size-one\" style=\"--awb-margin-top:10px;--awb-margin-bottom:10px;\"><div class=\"title-sep-container title-sep-container-left\"><div class=\"title-sep sep-double sep-solid\" style=\"border-color:#e0dede;\"><\/div><\/div><span class=\"awb-title-spacer\"><\/span><h1 class=\"title-heading-center fusion-responsive-typography-calculated\" style=\"margin:0;--fontSize:55;line-height:1.09;\">DAS SCHWIMMBAD<\/h1><span class=\"awb-title-spacer\"><\/span><div class=\"title-sep-container title-sep-container-right\"><div class=\"title-sep sep-double sep-solid\" style=\"border-color:#e0dede;\"><\/div><\/div><\/div><div class=\"fusion-clearfix\"><\/div><\/div><\/div><\/div><\/div><div class=\"fusion-fullwidth fullwidth-box fusion-builder-row-2 nonhundred-percent-fullwidth non-hundred-percent-height-scrolling\" style=\"--awb-border-radius-top-left:0px;--awb-border-radius-top-right:0px;--awb-border-radius-bottom-right:0px;--awb-border-radius-bottom-left:0px;--awb-padding-top:20px;--awb-padding-bottom:20px;\" ><div class=\"fusion-builder-row fusion-row\"><div class=\"fusion-layout-column fusion_builder_column fusion-builder-column-3 fusion_builder_column_1_1 1_1 fusion-one-full fusion-column-first fusion-column-last\" style=\"--awb-bg-size:cover;\"><div class=\"fusion-column-wrapper fusion-flex-column-wrapper-legacy\"><div class=\"fusion-text fusion-text-1\"><p>Poolgr\u00f6sse 16 m x 10 m&nbsp; mit einer durchschnittlichen Tiefe von 1,20 m und Whirlpool in einem separaten Becken, Solarium und schattige Terrasse mit Liegest\u00fchlen, Aussendusche, zwei Badezimmer.<\/p>\n<p>Das Schwimmbad liegt auf der h\u00f6chsten Terrasse der Struktur mit herrlichem&nbsp; Blick \u00fcber das Tal und die umliegenden H\u00fcgel.<\/p>\n<\/div><div class=\"fusion-clearfix\"><\/div><\/div><\/div><\/div><\/div><div class=\"fusion-fullwidth fullwidth-box fusion-builder-row-3 nonhundred-percent-fullwidth non-hundred-percent-height-scrolling\" style=\"--awb-border-radius-top-left:0px;--awb-border-radius-top-right:0px;--awb-border-radius-bottom-right:0px;--awb-border-radius-bottom-left:0px;--awb-padding-top:20px;--awb-padding-bottom:20px;\" ><div class=\"fusion-builder-row fusion-row\"><div class=\"fusion-layout-column fusion_builder_column fusion-builder-column-4 fusion_builder_column_1_1 1_1 fusion-one-full fusion-column-first fusion-column-last\" style=\"--awb-bg-size:cover;\"><div class=\"fusion-column-wrapper fusion-flex-column-wrapper-legacy\"><div class=\"fusion-text fusion-text-2\"><div id=\"grid-gallery-8-96778\" data-gg-id=\"8\" data-title=\"Piscina\" data-grid-type=\"0\" data-offset=\"5.3\" data-area-position=\"center\" data-icons=\"\" data-preloader=\"true\" data-width=\"250\" data-height=\"250\" data-padding=\"0\" data-quicksand=\"disabled\" data-quicksand-duration=\"none\" data-popup-theme=\"theme_6\" data-popup-type=\"pretty-photo\" data-popup-image-text=\"data-description\" data-popup-widthsize=\"auto\" data-popup-heightsize=\"auto\" data-popup-i18n-words=\"{&quot;close&quot;:&quot;schlie\\u00dfen&quot;,&quot;next&quot;:&quot;n\\u00e4chste&quot;,&quot;previous&quot;:&quot;vorherige&quot;,&quot;start_slideshow&quot;:&quot;Starte Slideshow&quot;,&quot;stop_slideshow&quot;:&quot;Stoppe Slideshow&quot;,&quot;image&quot;:&quot;Bild&quot;,&quot;of&quot;:&quot;von&quot;,&quot;prev&quot;:&quot;vorherige&quot;,&quot;cExpand&quot;:&quot;Erweitere&quot;,&quot;cPrevious&quot;:&quot;Vorheriges&quot;,&quot;cNext&quot;:&quot;N\\u00e4chstes&quot;,&quot;cExpandStr&quot;:&quot;Erweitere Bild&quot;,&quot;cRotate&quot;:&quot;Rotate&quot;,&quot;cDetails&quot;:&quot;Details&quot;}\" data-popup-slideshow=\"false\" data-popup-slideshow-speed=\"2500\" data-popup-hoverstop=\"false\" data-popup-slideshow-auto=\"false\" data-popup-background=\"\" data-popup-transparency=\"30\" data-popup-disable-history=\"\" data-popup-disable-changed-url=\"\" data-popup-border-type=\"\" data-popup-border-color=\"\" data-popup-border-width=\"\" data-popup-border-enable=\"\" data-fullscreen=\"false\" data-hide-tooltip=\"false\" data-caption-font-family=\"Default\" data-caption-text-size=\"140\" data-is-mobile=\"0\" data-caption-mobile=\"false\" data-hide-long-tltp-title=\"0\" data-caption-disabled-on-mobile=\"false\" data-popup-placement-type=\"0\" data-social-sharing=\"{&quot;enabled&quot;:&quot;&quot;,&quot;gallerySharing&quot;:{&quot;enabled&quot;:null,&quot;position&quot;:null},&quot;imageSharing&quot;:{&quot;enabled&quot;:null,&quot;wrapperClass&quot;:&quot; vertical &quot;},&quot;popupSharing&quot;:{&quot;enabled&quot;:null,&quot;wrapperClass&quot;:&quot; vertical &quot;}}\" class=\"grid-gallery grid-gallery-fixed \" style=\" width:100%; height:auto; margin-left:auto; margin-right:auto;position:relative;\"> <div class=\"gallery-loading\"> <div class=\"blocks\"> <div class=\"block\"><\/div> <div class=\"block\"><\/div> <div class=\"block\"><\/div> <div class=\"block\"><\/div> <\/div> <\/div> <div class=\"gallery-sharing-top\" style=\"display:none;\"> <\/div> <div id=\"photos-8\" class=\"grid-gallery-photos\"><FIGURE class=\"grid-gallery-caption\" data-grid-gallery-type=\"quarter-zoom\" data-index=\"0\" style=\"display:none;border-radius:00;; margin:5.3px; width:2500;\" ><div class=\"crop\" style=\" width:2500; height:2500; overflow:hidden;\"><img decoding=\"async\" src=\"https:\/\/www.elbaresidencealbarcoco.it\/wp-content\/uploads\/2018\/05\/GOPR0235-250x250.jpg\" class=\"ggImg\" alt=\"Residence Al Barcoco - Elba\" title=\"Residence Al Barcoco - Elba\" data-description=\"Residence Al Barcoco - Elba\" data-caption=\"GOPR0235\" data-title=\"GOPR0235\" style=\" width:250px; height:250px;\" \/><\/div><FIGCAPTION class=\"\" data-alpha=\"5\" style=\"color:#ffffff; background-color:#6f0000; font-size:140; text-align:left; font-family:Default;\" ><div class=\"grid-gallery-figcaption-wrap\" style=\"\"><\/div><\/FIGCAPTION><\/FIGURE><FIGURE class=\"grid-gallery-caption\" data-grid-gallery-type=\"quarter-zoom\" data-index=\"1\" style=\"display:none;border-radius:00;; margin:5.3px; width:2500;\" ><div class=\"crop\" style=\" width:2500; height:2500; overflow:hidden;\"><img decoding=\"async\" src=\"https:\/\/www.elbaresidencealbarcoco.it\/wp-content\/uploads\/2018\/05\/GOPR0248-250x250.jpg\" class=\"ggImg\" alt=\"Residence Al Barcoco - Elba\" title=\"Residence Al Barcoco - Elba\" data-description=\"Residence Al Barcoco - Elba\" data-caption=\"GOPR0248\" data-title=\"GOPR0248\" style=\" width:250px; height:250px;\" \/><\/div><FIGCAPTION class=\"\" data-alpha=\"5\" style=\"color:#ffffff; background-color:#6f0000; font-size:140; text-align:left; font-family:Default;\" ><div class=\"grid-gallery-figcaption-wrap\" style=\"\"><\/div><\/FIGCAPTION><\/FIGURE><FIGURE class=\"grid-gallery-caption\" data-grid-gallery-type=\"quarter-zoom\" data-index=\"2\" style=\"display:none;border-radius:00;; margin:5.3px; width:2500;\" ><div class=\"crop\" style=\" width:2500; height:2500; overflow:hidden;\"><img decoding=\"async\" src=\"https:\/\/www.elbaresidencealbarcoco.it\/wp-content\/uploads\/2023\/05\/Piscina08-scaled-250x250.jpeg\" class=\"ggImg\" alt=\"Residence Al Barcoco - Elba\" title=\"Residence Al Barcoco - Elba\" data-description=\"Residence Al Barcoco - Elba\" data-caption=\"Piscina08\" data-title=\"Piscina08\" style=\" width:250px; height:250px;\" \/><\/div><FIGCAPTION class=\"\" data-alpha=\"5\" style=\"color:#ffffff; background-color:#6f0000; font-size:140; text-align:left; font-family:Default;\" ><div class=\"grid-gallery-figcaption-wrap\" style=\"\"><\/div><\/FIGCAPTION><\/FIGURE><FIGURE class=\"grid-gallery-caption\" data-grid-gallery-type=\"quarter-zoom\" data-index=\"3\" style=\"display:none;border-radius:00;; margin:5.3px; width:2500;\" ><div class=\"crop\" style=\" width:2500; height:2500; overflow:hidden;\"><img decoding=\"async\" src=\"https:\/\/www.elbaresidencealbarcoco.it\/wp-content\/uploads\/2023\/05\/Piscina07-scaled-250x250.jpeg\" class=\"ggImg\" alt=\"Residence Al Barcoco - Elba\" title=\"Residence Al Barcoco - Elba\" data-description=\"Residence Al Barcoco - Elba\" data-caption=\"Piscina07\" data-title=\"Piscina07\" style=\" width:250px; height:250px;\" \/><\/div><FIGCAPTION class=\"\" data-alpha=\"5\" style=\"color:#ffffff; background-color:#6f0000; font-size:140; text-align:left; font-family:Default;\" ><div class=\"grid-gallery-figcaption-wrap\" style=\"\"><\/div><\/FIGCAPTION><\/FIGURE><FIGURE class=\"grid-gallery-caption\" data-grid-gallery-type=\"quarter-zoom\" data-index=\"4\" style=\"display:none;border-radius:00;; margin:5.3px; width:2500;\" ><div class=\"crop\" style=\" width:2500; height:2500; overflow:hidden;\"><img decoding=\"async\" src=\"https:\/\/www.elbaresidencealbarcoco.it\/wp-content\/uploads\/2023\/05\/Piscina06-scaled-250x250.jpeg\" class=\"ggImg\" alt=\"Residence Al Barcoco - Elba\" title=\"Residence Al Barcoco - Elba\" data-description=\"Residence Al Barcoco - Elba\" data-caption=\"Piscina06\" data-title=\"Piscina06\" style=\" width:250px; height:250px;\" \/><\/div><FIGCAPTION class=\"\" data-alpha=\"5\" style=\"color:#ffffff; background-color:#6f0000; font-size:140; text-align:left; font-family:Default;\" ><div class=\"grid-gallery-figcaption-wrap\" style=\"\"><\/div><\/FIGCAPTION><\/FIGURE><FIGURE class=\"grid-gallery-caption\" data-grid-gallery-type=\"quarter-zoom\" data-index=\"5\" style=\"display:none;border-radius:00;; margin:5.3px; width:2500;\" ><div class=\"crop\" style=\" width:2500; height:2500; overflow:hidden;\"><img decoding=\"async\" src=\"https:\/\/www.elbaresidencealbarcoco.it\/wp-content\/uploads\/2023\/05\/Piscina05-scaled-250x250.jpeg\" class=\"ggImg\" alt=\"Residence Al Barcoco - Elba\" title=\"Residence Al Barcoco - Elba\" data-description=\"Residence Al Barcoco - Elba\" data-caption=\"Piscina05\" data-title=\"Piscina05\" style=\" width:250px; height:250px;\" \/><\/div><FIGCAPTION class=\"\" data-alpha=\"5\" style=\"color:#ffffff; background-color:#6f0000; font-size:140; text-align:left; font-family:Default;\" ><div class=\"grid-gallery-figcaption-wrap\" style=\"\"><\/div><\/FIGCAPTION><\/FIGURE><FIGURE class=\"grid-gallery-caption\" data-grid-gallery-type=\"quarter-zoom\" data-index=\"6\" style=\"display:none;border-radius:00;; margin:5.3px; width:2500;\" ><div class=\"crop\" style=\" width:2500; height:2500; overflow:hidden;\"><img decoding=\"async\" src=\"https:\/\/www.elbaresidencealbarcoco.it\/wp-content\/uploads\/2023\/05\/Piscina04-scaled-250x250.jpeg\" class=\"ggImg\" alt=\"Residence Al Barcoco - Elba\" title=\"Residence Al Barcoco - Elba\" data-description=\"Residence Al Barcoco - Elba\" data-caption=\"Piscina04\" data-title=\"Piscina04\" style=\" width:250px; height:250px;\" \/><\/div><FIGCAPTION class=\"\" data-alpha=\"5\" style=\"color:#ffffff; background-color:#6f0000; font-size:140; text-align:left; font-family:Default;\" ><div class=\"grid-gallery-figcaption-wrap\" style=\"\"><\/div><\/FIGCAPTION><\/FIGURE><FIGURE class=\"grid-gallery-caption\" data-grid-gallery-type=\"quarter-zoom\" data-index=\"7\" style=\"display:none;border-radius:00;; margin:5.3px; width:2500;\" ><div class=\"crop\" style=\" width:2500; height:2500; overflow:hidden;\"><img decoding=\"async\" src=\"https:\/\/www.elbaresidencealbarcoco.it\/wp-content\/uploads\/2023\/05\/Piscina03-scaled-250x250.jpeg\" class=\"ggImg\" alt=\"Residence Al Barcoco - Elba\" title=\"Residence Al Barcoco - Elba\" data-description=\"Residence Al Barcoco - Elba\" data-caption=\"Piscina03\" data-title=\"Piscina03\" style=\" width:250px; height:250px;\" \/><\/div><FIGCAPTION class=\"\" data-alpha=\"5\" style=\"color:#ffffff; background-color:#6f0000; font-size:140; text-align:left; font-family:Default;\" ><div class=\"grid-gallery-figcaption-wrap\" style=\"\"><\/div><\/FIGCAPTION><\/FIGURE><FIGURE class=\"grid-gallery-caption\" data-grid-gallery-type=\"quarter-zoom\" data-index=\"8\" style=\"display:none;border-radius:00;; margin:5.3px; width:2500;\" ><div class=\"crop\" style=\" width:2500; height:2500; overflow:hidden;\"><img decoding=\"async\" src=\"https:\/\/www.elbaresidencealbarcoco.it\/wp-content\/uploads\/2023\/05\/Piscina02-scaled-250x250.jpeg\" class=\"ggImg\" alt=\"Residence Al Barcoco - Elba\" title=\"Residence Al Barcoco - Elba\" data-description=\"Residence Al Barcoco - Elba\" data-caption=\"Piscina02\" data-title=\"Piscina02\" style=\" width:250px; height:250px;\" \/><\/div><FIGCAPTION class=\"\" data-alpha=\"5\" style=\"color:#ffffff; background-color:#6f0000; font-size:140; text-align:left; font-family:Default;\" ><div class=\"grid-gallery-figcaption-wrap\" style=\"\"><\/div><\/FIGCAPTION><\/FIGURE><FIGURE class=\"grid-gallery-caption\" data-grid-gallery-type=\"quarter-zoom\" data-index=\"9\" style=\"display:none;border-radius:00;; margin:5.3px; width:2500;\" ><div class=\"crop\" style=\" width:2500; height:2500; overflow:hidden;\"><img decoding=\"async\" src=\"https:\/\/www.elbaresidencealbarcoco.it\/wp-content\/uploads\/2023\/05\/AAAPiscina-scaled-250x250.jpg\" class=\"ggImg\" alt=\"Residence Al Barcoco - Elba\" title=\"Residence Al Barcoco - Elba\" data-description=\"Residence Al Barcoco - Elba\" data-caption=\"DCIM107GOPROGOPR8789.JPG\" data-title=\"DCIM107GOPROGOPR8789.JPG\" style=\" width:250px; height:250px;\" \/><\/div><FIGCAPTION class=\"\" data-alpha=\"5\" style=\"color:#ffffff; background-color:#6f0000; font-size:140; text-align:left; font-family:Default;\" ><div class=\"grid-gallery-figcaption-wrap\" style=\"\"><\/div><\/FIGCAPTION><\/FIGURE><FIGURE class=\"grid-gallery-caption\" data-grid-gallery-type=\"quarter-zoom\" data-index=\"10\" style=\"display:none;border-radius:00;; margin:5.3px; width:2500;\" ><div class=\"crop\" style=\" width:2500; height:2500; overflow:hidden;\"><img decoding=\"async\" src=\"https:\/\/www.elbaresidencealbarcoco.it\/wp-content\/uploads\/2023\/05\/AAAPiscina2-250x250.jpg\" class=\"ggImg\" alt=\"Residence Al Barcoco - Elba\" title=\"Residence Al Barcoco - Elba\" data-description=\"Residence Al Barcoco - Elba\" data-caption=\"DCIM100GOPROGOPR0259.JPG\" data-title=\"DCIM100GOPROGOPR0259.JPG\" style=\" width:250px; height:250px;\" \/><\/div><FIGCAPTION class=\"\" data-alpha=\"5\" style=\"color:#ffffff; background-color:#6f0000; font-size:140; text-align:left; font-family:Default;\" ><div class=\"grid-gallery-figcaption-wrap\" style=\"\"><\/div><\/FIGCAPTION><\/FIGURE><FIGURE class=\"grid-gallery-caption\" data-grid-gallery-type=\"quarter-zoom\" data-index=\"11\" style=\"display:none;border-radius:00;; margin:5.3px; width:2500;\" ><div class=\"crop\" style=\" width:2500; height:2500; overflow:hidden;\"><img decoding=\"async\" src=\"https:\/\/www.elbaresidencealbarcoco.it\/wp-content\/uploads\/2017\/04\/piscina-08-250x250.jpg\" class=\"ggImg\" alt=\"Residence Al Barcoco - Elba\" title=\"Residence Al Barcoco - Elba\" data-description=\"Residence Al Barcoco - Elba\" data-caption=\"piscina-08\" data-title=\"piscina-08\" style=\" width:250px; height:250px;\" \/><\/div><FIGCAPTION class=\"\" data-alpha=\"5\" style=\"color:#ffffff; background-color:#6f0000; font-size:140; text-align:left; font-family:Default;\" ><div class=\"grid-gallery-figcaption-wrap\" style=\"\"><\/div><\/FIGCAPTION><\/FIGURE><FIGURE class=\"grid-gallery-caption\" data-grid-gallery-type=\"quarter-zoom\" data-index=\"12\" style=\"display:none;border-radius:00;; margin:5.3px; width:2500;\" ><div class=\"crop\" style=\" width:2500; height:2500; overflow:hidden;\"><img decoding=\"async\" src=\"https:\/\/www.elbaresidencealbarcoco.it\/wp-content\/uploads\/2017\/04\/piscina-12-250x250.jpg\" class=\"ggImg\" alt=\"Residence Al Barcoco - Elba\" title=\"Residence Al Barcoco - Elba\" data-description=\"Residence Al Barcoco - Elba\" data-caption=\"piscina-12\" data-title=\"piscina-12\" style=\" width:250px; height:250px;\" \/><\/div><FIGCAPTION class=\"\" data-alpha=\"5\" style=\"color:#ffffff; background-color:#6f0000; font-size:140; text-align:left; font-family:Default;\" ><div class=\"grid-gallery-figcaption-wrap\" style=\"\"><\/div><\/FIGCAPTION><\/FIGURE> <div class=\"grid-gallery-clearfix\"><\/div> <\/div> <div class=\"gallery-sharing-bottom\" style=\"display:none;\"> <\/div> <div class=\"gallery-sharing-image\" style=\"display:none;\"> <\/div> <div class=\"gallery-sharing-popup\" style=\"display:none;\"> <\/div> <div class=\"grid-gallery-clearfix\"><\/div> <\/div> <!-- Gallery by Supsystic plugin1.15.32 --><a title=\"Wordpress Photo Gallery\" style=\"display:none;\" href=\"https:\/\/supsystic.com\/plugins\/photo-gallery\/?utm_medium=love_link\" target=\"_blank\">Wordpress Photo Gallery<\/a>\n<\/div><div class=\"fusion-clearfix\"><\/div><\/div><\/div><\/div><\/div><\/p>\n","protected":false},"excerpt":{"rendered":"","protected":false},"author":1,"featured_media":0,"parent":0,"menu_order":0,"comment_status":"closed","ping_status":"closed","template":"","meta":{"footnotes":""},"class_list":["post-959","page","type-page","status-publish","hentry"],"yoast_head":"<!-- This site is optimized with the Yoast SEO plugin v19.10 - https:\/\/yoast.com\/wordpress\/plugins\/seo\/ -->\n<title>Residence Al Barcoco auf der Insel Elba mit Schwimmbad und Whirlpool<\/title>\n<meta name=\"description\" content=\"Die Residence Al Barcoco in Marina di Campo auf der Insel Elba bietet Schwimmbad, Whirlpool, Solarium mit Liegest\u00fchlen, Aussendusche und vieles mehr.\" \/>\n<meta name=\"robots\" content=\"index, follow, max-snippet:-1, max-image-preview:large, max-video-preview:-1\" \/>\n<link rel=\"canonical\" href=\"https:\/\/www.elbaresidencealbarcoco.it\/de\/schwimmbad-residence-elba\/\" \/>\n<meta property=\"og:locale\" content=\"de_DE\" \/>\n<meta property=\"og:type\" content=\"article\" \/>\n<meta property=\"og:title\" content=\"Residence Al Barcoco auf der Insel Elba mit Schwimmbad und Whirlpool\" \/>\n<meta property=\"og:description\" content=\"Die Residence Al Barcoco in Marina di Campo auf der Insel Elba bietet Schwimmbad, Whirlpool, Solarium mit Liegest\u00fchlen, Aussendusche und vieles mehr.\" \/>\n<meta property=\"og:url\" content=\"https:\/\/www.elbaresidencealbarcoco.it\/de\/schwimmbad-residence-elba\/\" \/>\n<meta property=\"og:site_name\" content=\"Residence Al Barcoco Isola d&#039;Elba\" \/>\n<meta property=\"article:modified_time\" content=\"2024-02-03T00:36:53+00:00\" \/>\n<meta name=\"twitter:card\" content=\"summary_large_image\" \/>\n<meta name=\"twitter:label1\" content=\"Gesch\u00e4tzte Lesezeit\" \/>\n\t<meta name=\"twitter:data1\" content=\"5\u00a0Minuten\" \/>\n<script type=\"application\/ld+json\" class=\"yoast-schema-graph\">{\"@context\":\"https:\/\/schema.org\",\"@graph\":[{\"@type\":\"WebPage\",\"@id\":\"https:\/\/www.elbaresidencealbarcoco.it\/de\/schwimmbad-residence-elba\/\",\"url\":\"https:\/\/www.elbaresidencealbarcoco.it\/de\/schwimmbad-residence-elba\/\",\"name\":\"Residence Al Barcoco auf der Insel Elba mit Schwimmbad und Whirlpool\",\"isPartOf\":{\"@id\":\"https:\/\/www.elbaresidencealbarcoco.it\/#website\"},\"datePublished\":\"2017-03-29T10:19:05+00:00\",\"dateModified\":\"2024-02-03T00:36:53+00:00\",\"description\":\"Die Residence Al Barcoco in Marina di Campo auf der Insel Elba bietet Schwimmbad, Whirlpool, Solarium mit Liegest\u00fchlen, Aussendusche und vieles mehr.\",\"breadcrumb\":{\"@id\":\"https:\/\/www.elbaresidencealbarcoco.it\/de\/schwimmbad-residence-elba\/#breadcrumb\"},\"inLanguage\":\"de\",\"potentialAction\":[{\"@type\":\"ReadAction\",\"target\":[\"https:\/\/www.elbaresidencealbarcoco.it\/de\/schwimmbad-residence-elba\/\"]}]},{\"@type\":\"BreadcrumbList\",\"@id\":\"https:\/\/www.elbaresidencealbarcoco.it\/de\/schwimmbad-residence-elba\/#breadcrumb\",\"itemListElement\":[{\"@type\":\"ListItem\",\"position\":1,\"name\":\"Home\",\"item\":\"https:\/\/www.elbaresidencealbarcoco.it\/de\/\"},{\"@type\":\"ListItem\",\"position\":2,\"name\":\"Das Schwimmbad\"}]},{\"@type\":\"WebSite\",\"@id\":\"https:\/\/www.elbaresidencealbarcoco.it\/#website\",\"url\":\"https:\/\/www.elbaresidencealbarcoco.it\/\",\"name\":\"Residence Al Barcoco Isola d&#039;Elba\",\"description\":\"Per le vostre vacanze all&#039;Isola d&#039;Elba\",\"publisher\":{\"@id\":\"https:\/\/www.elbaresidencealbarcoco.it\/#organization\"},\"potentialAction\":[{\"@type\":\"SearchAction\",\"target\":{\"@type\":\"EntryPoint\",\"urlTemplate\":\"https:\/\/www.elbaresidencealbarcoco.it\/?s={search_term_string}\"},\"query-input\":\"required name=search_term_string\"}],\"inLanguage\":\"de\"},{\"@type\":\"Organization\",\"@id\":\"https:\/\/www.elbaresidencealbarcoco.it\/#organization\",\"name\":\"Orion Elba sas di burec m. & c.\",\"url\":\"https:\/\/www.elbaresidencealbarcoco.it\/\",\"logo\":{\"@type\":\"ImageObject\",\"inLanguage\":\"de\",\"@id\":\"https:\/\/www.elbaresidencealbarcoco.it\/#\/schema\/logo\/image\/\",\"url\":\"https:\/\/www.elbaresidencealbarcoco.it\/wp-content\/uploads\/2017\/08\/campo-new-02.jpg\",\"contentUrl\":\"https:\/\/www.elbaresidencealbarcoco.it\/wp-content\/uploads\/2017\/08\/campo-new-02.jpg\",\"width\":1000,\"height\":563,\"caption\":\"Orion Elba sas di burec m. & c.\"},\"image\":{\"@id\":\"https:\/\/www.elbaresidencealbarcoco.it\/#\/schema\/logo\/image\/\"}}]}<\/script>\n<!-- \/ Yoast SEO plugin. -->","yoast_head_json":{"title":"Residence Al Barcoco auf der Insel Elba mit Schwimmbad und Whirlpool","description":"Die Residence Al Barcoco in Marina di Campo auf der Insel Elba bietet Schwimmbad, Whirlpool, Solarium mit Liegest\u00fchlen, Aussendusche und vieles mehr.","robots":{"index":"index","follow":"follow","max-snippet":"max-snippet:-1","max-image-preview":"max-image-preview:large","max-video-preview":"max-video-preview:-1"},"canonical":"https:\/\/www.elbaresidencealbarcoco.it\/de\/schwimmbad-residence-elba\/","og_locale":"de_DE","og_type":"article","og_title":"Residence Al Barcoco auf der Insel Elba mit Schwimmbad und Whirlpool","og_description":"Die Residence Al Barcoco in Marina di Campo auf der Insel Elba bietet Schwimmbad, Whirlpool, Solarium mit Liegest\u00fchlen, Aussendusche und vieles mehr.","og_url":"https:\/\/www.elbaresidencealbarcoco.it\/de\/schwimmbad-residence-elba\/","og_site_name":"Residence Al Barcoco Isola d&#039;Elba","article_modified_time":"2024-02-03T00:36:53+00:00","twitter_card":"summary_large_image","twitter_misc":{"Gesch\u00e4tzte Lesezeit":"5\u00a0Minuten"},"schema":{"@context":"https:\/\/schema.org","@graph":[{"@type":"WebPage","@id":"https:\/\/www.elbaresidencealbarcoco.it\/de\/schwimmbad-residence-elba\/","url":"https:\/\/www.elbaresidencealbarcoco.it\/de\/schwimmbad-residence-elba\/","name":"Residence Al Barcoco auf der Insel Elba mit Schwimmbad und Whirlpool","isPartOf":{"@id":"https:\/\/www.elbaresidencealbarcoco.it\/#website"},"datePublished":"2017-03-29T10:19:05+00:00","dateModified":"2024-02-03T00:36:53+00:00","description":"Die Residence Al Barcoco in Marina di Campo auf der Insel Elba bietet Schwimmbad, Whirlpool, Solarium mit Liegest\u00fchlen, Aussendusche und vieles mehr.","breadcrumb":{"@id":"https:\/\/www.elbaresidencealbarcoco.it\/de\/schwimmbad-residence-elba\/#breadcrumb"},"inLanguage":"de","potentialAction":[{"@type":"ReadAction","target":["https:\/\/www.elbaresidencealbarcoco.it\/de\/schwimmbad-residence-elba\/"]}]},{"@type":"BreadcrumbList","@id":"https:\/\/www.elbaresidencealbarcoco.it\/de\/schwimmbad-residence-elba\/#breadcrumb","itemListElement":[{"@type":"ListItem","position":1,"name":"Home","item":"https:\/\/www.elbaresidencealbarcoco.it\/de\/"},{"@type":"ListItem","position":2,"name":"Das Schwimmbad"}]},{"@type":"WebSite","@id":"https:\/\/www.elbaresidencealbarcoco.it\/#website","url":"https:\/\/www.elbaresidencealbarcoco.it\/","name":"Residence Al Barcoco Isola d&#039;Elba","description":"Per le vostre vacanze all&#039;Isola d&#039;Elba","publisher":{"@id":"https:\/\/www.elbaresidencealbarcoco.it\/#organization"},"potentialAction":[{"@type":"SearchAction","target":{"@type":"EntryPoint","urlTemplate":"https:\/\/www.elbaresidencealbarcoco.it\/?s={search_term_string}"},"query-input":"required name=search_term_string"}],"inLanguage":"de"},{"@type":"Organization","@id":"https:\/\/www.elbaresidencealbarcoco.it\/#organization","name":"Orion Elba sas di burec m. & c.","url":"https:\/\/www.elbaresidencealbarcoco.it\/","logo":{"@type":"ImageObject","inLanguage":"de","@id":"https:\/\/www.elbaresidencealbarcoco.it\/#\/schema\/logo\/image\/","url":"https:\/\/www.elbaresidencealbarcoco.it\/wp-content\/uploads\/2017\/08\/campo-new-02.jpg","contentUrl":"https:\/\/www.elbaresidencealbarcoco.it\/wp-content\/uploads\/2017\/08\/campo-new-02.jpg","width":1000,"height":563,"caption":"Orion Elba sas di burec m. & c."},"image":{"@id":"https:\/\/www.elbaresidencealbarcoco.it\/#\/schema\/logo\/image\/"}}]}},"_links":{"self":[{"href":"https:\/\/www.elbaresidencealbarcoco.it\/de\/wp-json\/wp\/v2\/pages\/959","targetHints":{"allow":["GET"]}}],"collection":[{"href":"https:\/\/www.elbaresidencealbarcoco.it\/de\/wp-json\/wp\/v2\/pages"}],"about":[{"href":"https:\/\/www.elbaresidencealbarcoco.it\/de\/wp-json\/wp\/v2\/types\/page"}],"author":[{"embeddable":true,"href":"https:\/\/www.elbaresidencealbarcoco.it\/de\/wp-json\/wp\/v2\/users\/1"}],"replies":[{"embeddable":true,"href":"https:\/\/www.elbaresidencealbarcoco.it\/de\/wp-json\/wp\/v2\/comments?post=959"}],"version-history":[{"count":8,"href":"https:\/\/www.elbaresidencealbarcoco.it\/de\/wp-json\/wp\/v2\/pages\/959\/revisions"}],"predecessor-version":[{"id":2672,"href":"https:\/\/www.elbaresidencealbarcoco.it\/de\/wp-json\/wp\/v2\/pages\/959\/revisions\/2672"}],"wp:attachment":[{"href":"https:\/\/www.elbaresidencealbarcoco.it\/de\/wp-json\/wp\/v2\/media?parent=959"}],"curies":[{"name":"wp","href":"https:\/\/api.w.org\/{rel}","templated":true}]}}